{"id":2360,"date":"2025-02-09T23:29:02","date_gmt":"2025-02-09T20:29:02","guid":{"rendered":"https:\/\/aqualandtech.com\/iletisim\/"},"modified":"2026-03-21T15:18:52","modified_gmt":"2026-03-21T12:18:52","slug":"kontakt","status":"publish","type":"page","link":"https:\/\/aqualandtech.com\/de\/kontakt\/","title":{"rendered":"Kontakt"},"content":{"rendered":"\n<div class=\"wp-block-group alignfull contact-map has-black-transparent-2-background-color has-background is-layout-flow wp-block-group-is-layout-flow\" style=\"margin-top:0;margin-bottom:0;padding-top:0;padding-bottom:0\">\n<iframe loading=\"lazy\" style=\"display: block; border: 0; width: 100%;\" src=\"https:\/\/www.google.com\/maps\/embed?pb=!1m18!1m12!1m3!1d49957.19235384542!2d27.084699127191957!3d38.5032257833622!2m3!1f0!2f0!3f0!3m2!1i1024!2i768!4f13.1!3m3!1m2!1s0x14bbd6118e58a90d%3A0x73d8c794b58655c2!2zS2FyxZ_EsXlha2EvxLB6bWly!5e0!3m2!1str!2str!4v1760439910407!5m2!1str!2str\" width=\"600\" height=\"300\" allowfullscreen=\"allowfullscreen\"><\/iframe>\n<\/div>\n\n\n\n<div class=\"wp-block-group alignfull has-background has-global-padding is-layout-constrained wp-block-group-is-layout-constrained\" style=\"background-color:#f7f7f7;margin-top:0;margin-bottom:0;padding-top:var(--wp--preset--spacing--60);padding-bottom:var(--wp--preset--spacing--60)\">\n<div class=\"wp-block-columns are-vertically-aligned-bottom is-layout-flex wp-container-core-columns-is-layout-d76c625d wp-block-columns-is-layout-flex\">\n<div class=\"wp-block-column is-vertically-aligned-bottom is-layout-flow wp-block-column-is-layout-flow\" style=\"flex-basis:60%\">\n<div class=\"wp-block-group has-global-padding is-layout-constrained wp-container-core-group-is-layout-e0082cf6 wp-block-group-is-layout-constrained\">\n<div class=\"wp-block-group is-content-justification-left is-nowrap is-layout-flex wp-container-core-group-is-layout-fc9f69e7 wp-block-group-is-layout-flex\">\n<div class=\"wp-block-group has-black-color has-secondary-background-color has-text-color has-background has-link-color wp-elements-570f47e7971c278063e01ec8a19ac7e3 has-global-padding is-layout-constrained wp-container-core-group-is-layout-df8428a5 wp-block-group-is-layout-constrained\" style=\"padding-top:0;padding-right:var(--wp--preset--spacing--30);padding-bottom:0;padding-left:var(--wp--preset--spacing--30)\">\n<p class=\"has-c-2-color has-text-color has-link-color has-small-font-size wp-elements-b752bb07002318bd591e25ab06956234\">Kontakt<\/p>\n<\/div>\n<\/div>\n\n\n\n<h1 class=\"wp-block-heading has-text-align-left\">Sind Sie bereit bei uns zu arbeiten?<\/h1>\n\n\n\n<p>Jetzt ist der richtige Zeitpunkt, um die Effizienz Ihrer Wassermanagementprozesse zu steigern und nachhaltige L\u00f6sungen kennenzulernen. Ganz gleich, ob Sie ein speziell auf die Anforderungen Ihrer Industrieanlage zugeschnittenes Aufbereitungssystem oder eine zuverl\u00e4ssige Wasserversorgung f\u00fcr Ihr Zuhause suchen \u2013 mit unserem ingenieurwissenschaftlichen Ansatz und unserer Erfahrung sind wir bereit, Ihrem Projekt einen Mehrwert zu verleihen. Teilen Sie uns Ihre Anforderungen mit, damit wir gemeinsam die f\u00fcr Sie am besten geeignete technologische L\u00f6sung umsetzen k\u00f6nnen.<\/p>\n<\/div>\n\n\n\n<div class=\"wp-block-group is-layout-grid wp-container-core-group-is-layout-d33bc3c1 wp-block-group-is-layout-grid\">\n<div class=\"wp-block-group has-black-transparent-1-background-color has-background is-nowrap is-layout-flex wp-container-core-group-is-layout-6c531013 wp-block-group-is-layout-flex\" style=\"border-radius:5px\">\n<div class=\"wp-block-group has-black-transparent-1-background-color has-background has-global-padding is-layout-constrained wp-container-core-group-is-layout-52009084 wp-block-group-is-layout-constrained\" style=\"border-top-left-radius:5px;border-bottom-left-radius:5px;padding-top:var(--wp--preset--spacing--40);padding-right:var(--wp--preset--spacing--40);padding-bottom:var(--wp--preset--spacing--40);padding-left:var(--wp--preset--spacing--40)\"><div class=\"safirIconContainer left wp-elements-7a00eaa5d140ac54fb613051f40ba57c\">\n\t<div  style=\"--size:30px;--hover-text-color:; --hover-bg-color:;\" class=\"wp-elements-7a00eaa5d140ac54fb613051f40ba57c wp-block-safirtema-safiricon has-text-color has-blue-color\">\n\t\t<svg width=\"30px\" height=\"30px\" class=\"safiricon-konum\">\n\t\t\t<use href=\"#safiricon-konum\" \/>\n\t\t<\/svg>\n\t<\/div>\n<\/div><\/div>\n\n\n\n<div class=\"wp-block-group has-global-padding is-layout-constrained wp-container-core-group-is-layout-19e250f3 wp-block-group-is-layout-constrained\">\n<h2 class=\"wp-block-heading has-medium-font-size\" style=\"font-style:normal;font-weight:500\">B\u00fcro<\/h2>\n\n\n\n<p class=\"has-black-transparent-5-color has-text-color has-link-color has-medium-font-size wp-elements-d17e07dd36f541a554cd9bbf8be1415c\">Kar\u015f\u0131yaka \/ \u0130zmir<\/p>\n<\/div>\n<\/div>\n\n\n\n<div class=\"wp-block-group has-black-transparent-1-background-color has-background is-nowrap is-layout-flex wp-container-core-group-is-layout-6c531013 wp-block-group-is-layout-flex\" style=\"border-radius:5px\">\n<div class=\"wp-block-group has-black-transparent-1-background-color has-background has-global-padding is-layout-constrained wp-container-core-group-is-layout-52009084 wp-block-group-is-layout-constrained\" style=\"border-top-left-radius:5px;border-bottom-left-radius:5px;padding-top:var(--wp--preset--spacing--40);padding-right:var(--wp--preset--spacing--40);padding-bottom:var(--wp--preset--spacing--40);padding-left:var(--wp--preset--spacing--40)\"><div class=\"safirIconContainer left wp-elements-021c5ea373e9ec84e4362ec3942a0e84\">\n\t<div  style=\"--size:30px;--hover-text-color:; --hover-bg-color:;\" class=\"wp-elements-021c5ea373e9ec84e4362ec3942a0e84 wp-block-safirtema-safiricon has-text-color has-blue-color\">\n\t\t<svg width=\"30px\" height=\"30px\" class=\"safiricon-email\">\n\t\t\t<use href=\"#safiricon-email\" \/>\n\t\t<\/svg>\n\t<\/div>\n<\/div><\/div>\n\n\n\n<div class=\"wp-block-group has-global-padding is-layout-constrained wp-container-core-group-is-layout-19e250f3 wp-block-group-is-layout-constrained\">\n<h2 class=\"wp-block-heading has-medium-font-size\" style=\"font-style:normal;font-weight:500\">Email<\/h2>\n\n\n\n<p class=\"has-black-transparent-5-color has-text-color has-link-color has-medium-font-size wp-elements-c575cc764ae887cd0131c7bad48a2a4b\"><a target=\"_blank\" href=\"mailto:info@aqualandtech.com\">info@aqualandtech.com<\/a><\/p>\n<\/div>\n<\/div>\n\n\n\n<div class=\"wp-block-group has-black-transparent-1-background-color has-background is-nowrap is-layout-flex wp-container-core-group-is-layout-6c531013 wp-block-group-is-layout-flex\" style=\"border-radius:5px\">\n<div class=\"wp-block-group has-black-transparent-1-background-color has-background has-global-padding is-layout-constrained wp-container-core-group-is-layout-52009084 wp-block-group-is-layout-constrained\" style=\"border-top-left-radius:5px;border-bottom-left-radius:5px;padding-top:var(--wp--preset--spacing--40);padding-right:var(--wp--preset--spacing--40);padding-bottom:var(--wp--preset--spacing--40);padding-left:var(--wp--preset--spacing--40)\"><div class=\"safirIconContainer left wp-elements-ff73b503f85b1b022b8d5233af956f89\">\n\t<div  style=\"--size:30px;--hover-text-color:; --hover-bg-color:;\" class=\"wp-elements-ff73b503f85b1b022b8d5233af956f89 wp-block-safirtema-safiricon has-text-color has-blue-color\">\n\t\t<svg width=\"30px\" height=\"30px\" class=\"safiricon-telefon\">\n\t\t\t<use href=\"#safiricon-telefon\" \/>\n\t\t<\/svg>\n\t<\/div>\n<\/div><\/div>\n\n\n\n<div class=\"wp-block-group has-global-padding is-layout-constrained wp-container-core-group-is-layout-19e250f3 wp-block-group-is-layout-constrained\">\n<h2 class=\"wp-block-heading has-medium-font-size\" style=\"font-style:normal;font-weight:500\">Festnetz<\/h2>\n\n\n\n<p class=\"has-black-transparent-5-color has-text-color has-link-color has-medium-font-size wp-elements-a26e0221da8d7d355931f5d738cb09aa\"><a target=\"_blank\" href=\"tel:+902323695860\">+90 232 369 58 60<\/a><\/p>\n<\/div>\n<\/div>\n\n\n\n<div class=\"wp-block-group has-black-transparent-1-background-color has-background is-nowrap is-layout-flex wp-container-core-group-is-layout-6c531013 wp-block-group-is-layout-flex\" style=\"border-radius:5px\">\n<div class=\"wp-block-group has-black-transparent-1-background-color has-background has-global-padding is-layout-constrained wp-container-core-group-is-layout-52009084 wp-block-group-is-layout-constrained\" style=\"border-top-left-radius:5px;border-bottom-left-radius:5px;padding-top:var(--wp--preset--spacing--40);padding-right:var(--wp--preset--spacing--40);padding-bottom:var(--wp--preset--spacing--40);padding-left:var(--wp--preset--spacing--40)\"><div class=\"safirIconContainer left wp-elements-dfc0226c20a79fe32c248c915cae28ae\">\n\t<div  style=\"--size:30px;--hover-text-color:; --hover-bg-color:;\" class=\"wp-elements-dfc0226c20a79fe32c248c915cae28ae wp-block-safirtema-safiricon has-text-color has-blue-color\">\n\t\t<svg width=\"30px\" height=\"30px\" class=\"safiricon-saat\">\n\t\t\t<use href=\"#safiricon-saat\" \/>\n\t\t<\/svg>\n\t<\/div>\n<\/div><\/div>\n\n\n\n<div class=\"wp-block-group has-global-padding is-layout-constrained wp-container-core-group-is-layout-19e250f3 wp-block-group-is-layout-constrained\">\n<h2 class=\"wp-block-heading has-medium-font-size\" style=\"font-style:normal;font-weight:500\">\u00d6ffnungszeiten<\/h2>\n\n\n\n<p class=\"has-black-transparent-5-color has-text-color has-link-color has-medium-font-size wp-elements-0723c67689abb14bcc256984425c1edc\">Wochentags 09:00 &#8211; 18:00<\/p>\n<\/div>\n<\/div>\n\n\n\n<div class=\"wp-block-group has-black-transparent-1-background-color has-background wp-container-content-014ddb17 is-nowrap is-layout-flex wp-container-core-group-is-layout-6c531013 wp-block-group-is-layout-flex\" style=\"border-radius:5px\">\n<div class=\"wp-block-group has-black-transparent-1-background-color has-background has-global-padding is-layout-constrained wp-container-core-group-is-layout-52009084 wp-block-group-is-layout-constrained\" style=\"border-top-left-radius:5px;border-bottom-left-radius:5px;padding-top:var(--wp--preset--spacing--40);padding-right:var(--wp--preset--spacing--40);padding-bottom:var(--wp--preset--spacing--40);padding-left:var(--wp--preset--spacing--40)\"><div class=\"safirIconContainer left wp-elements-cc44f5fb05414c4458912193cc9f9164\">\n\t<div  style=\"--size:30px;--hover-text-color:; --hover-bg-color:;\" class=\"wp-elements-cc44f5fb05414c4458912193cc9f9164 wp-block-safirtema-safiricon has-text-color has-blue-color\">\n\t\t<svg width=\"30px\" height=\"30px\" class=\"safiricon-soc_whatsapp\">\n\t\t\t<use href=\"#safiricon-soc_whatsapp\" \/>\n\t\t<\/svg>\n\t<\/div>\n<\/div><\/div>\n\n\n\n<div class=\"wp-block-group has-global-padding is-layout-constrained wp-container-core-group-is-layout-19e250f3 wp-block-group-is-layout-constrained\">\n<h2 class=\"wp-block-heading has-medium-font-size\" style=\"font-style:normal;font-weight:500\">Whatsapp<\/h2>\n\n\n\n<p class=\"has-black-transparent-5-color has-text-color has-link-color has-medium-font-size wp-elements-c56f2370067382eb3f5af74c065b72ef\"><a target=\"_blank\" href=\"https:\/\/wa.me\/9002323695860\" rel=\"nofollow noopener\">0 232 369 58 60<\/a><\/p>\n<\/div>\n<\/div>\n\n\n\n<div class=\"wp-block-group has-black-transparent-1-background-color has-background wp-container-content-014ddb17 is-nowrap is-layout-flex wp-container-core-group-is-layout-6c531013 wp-block-group-is-layout-flex\" style=\"border-radius:5px\">\n<div class=\"wp-block-group has-black-transparent-1-background-color has-background has-global-padding is-layout-constrained wp-container-core-group-is-layout-52009084 wp-block-group-is-layout-constrained\" style=\"border-top-left-radius:5px;border-bottom-left-radius:5px;padding-top:var(--wp--preset--spacing--40);padding-right:var(--wp--preset--spacing--40);padding-bottom:var(--wp--preset--spacing--40);padding-left:var(--wp--preset--spacing--40)\"><div class=\"safirIconContainer left wp-elements-bd839f1e7979b6ac3627f1b9cc48cc29\">\n\t<div  style=\"--size:30px;--hover-text-color:; --hover-bg-color:;\" class=\"wp-elements-bd839f1e7979b6ac3627f1b9cc48cc29 wp-block-safirtema-safiricon has-text-color has-blue-color\">\n\t\t<svg width=\"30px\" height=\"30px\" class=\"safiricon-soc_facebook\">\n\t\t\t<use href=\"#safiricon-soc_facebook\" \/>\n\t\t<\/svg>\n\t<\/div>\n<\/div><\/div>\n\n\n\n<div class=\"wp-block-group has-global-padding is-layout-constrained wp-container-core-group-is-layout-19e250f3 wp-block-group-is-layout-constrained\">\n<h2 class=\"wp-block-heading has-medium-font-size\" style=\"font-style:normal;font-weight:500\">Facebook<\/h2>\n\n\n\n<p class=\"has-black-transparent-5-color has-text-color has-link-color has-medium-font-size wp-elements-10dbce7dc6edfe99c0eb4dc2cf4dbd71\"><a href=\"https:\/\/www.facebook.com\/kordon.kimya\" rel=\"nofollow noopener\" target=\"_blank\">facebook.com\/kordon.kimya<\/a><\/p>\n<\/div>\n<\/div>\n\n\n\n<div class=\"wp-block-group has-black-transparent-1-background-color has-background is-nowrap is-layout-flex wp-container-core-group-is-layout-6c531013 wp-block-group-is-layout-flex\" style=\"border-radius:5px\">\n<div class=\"wp-block-group has-black-transparent-1-background-color has-background has-global-padding is-layout-constrained wp-container-core-group-is-layout-52009084 wp-block-group-is-layout-constrained\" style=\"border-top-left-radius:5px;border-bottom-left-radius:5px;padding-top:var(--wp--preset--spacing--40);padding-right:var(--wp--preset--spacing--40);padding-bottom:var(--wp--preset--spacing--40);padding-left:var(--wp--preset--spacing--40)\"><div class=\"safirIconContainer left wp-elements-7e88b83e75c2ad14c214f7185ec406c3\">\n\t<div  style=\"--size:30px;--hover-text-color:; --hover-bg-color:;\" class=\"wp-elements-7e88b83e75c2ad14c214f7185ec406c3 wp-block-safirtema-safiricon has-text-color has-blue-color\">\n\t\t<svg width=\"30px\" height=\"30px\" class=\"safiricon-soc_instagram\">\n\t\t\t<use href=\"#safiricon-soc_instagram\" \/>\n\t\t<\/svg>\n\t<\/div>\n<\/div><\/div>\n\n\n\n<div class=\"wp-block-group has-global-padding is-layout-constrained wp-container-core-group-is-layout-19e250f3 wp-block-group-is-layout-constrained\">\n<h2 class=\"wp-block-heading has-medium-font-size\" style=\"font-style:normal;font-weight:500\">Instagram<\/h2>\n\n\n\n<p class=\"has-black-transparent-5-color has-text-color has-link-color has-medium-font-size wp-elements-d08ec40378dccf9cbc2a367521643c3a\"><a href=\"https:\/\/www.instagram.com\/kordonkimya35\" rel=\"nofollow noopener\" target=\"_blank\">instagram.com\/kordonkimya35<\/a><\/p>\n<\/div>\n<\/div>\n\n\n\n<div class=\"wp-block-group has-black-transparent-1-background-color has-background is-nowrap is-layout-flex wp-container-core-group-is-layout-6c531013 wp-block-group-is-layout-flex\" style=\"border-radius:5px\">\n<div class=\"wp-block-group has-black-transparent-1-background-color has-background has-global-padding is-layout-constrained wp-container-core-group-is-layout-52009084 wp-block-group-is-layout-constrained\" style=\"border-top-left-radius:5px;border-bottom-left-radius:5px;padding-top:var(--wp--preset--spacing--40);padding-right:var(--wp--preset--spacing--40);padding-bottom:var(--wp--preset--spacing--40);padding-left:var(--wp--preset--spacing--40)\"><div class=\"safirIconContainer left wp-elements-5867f4f6f073506f1ba84d8a8b58b9f2\">\n\t<div  style=\"--size:30px;--hover-text-color:; --hover-bg-color:;\" class=\"wp-elements-5867f4f6f073506f1ba84d8a8b58b9f2 wp-block-safirtema-safiricon has-text-color has-blue-color\">\n\t\t<svg width=\"30px\" height=\"30px\" class=\"safiricon-soc_linkedin\">\n\t\t\t<use href=\"#safiricon-soc_linkedin\" \/>\n\t\t<\/svg>\n\t<\/div>\n<\/div><\/div>\n\n\n\n<div class=\"wp-block-group has-global-padding is-layout-constrained wp-container-core-group-is-layout-19e250f3 wp-block-group-is-layout-constrained\">\n<h2 class=\"wp-block-heading has-medium-font-size\" style=\"font-style:normal;font-weight:500\">LinkedIn<\/h2>\n\n\n\n<p class=\"has-black-transparent-5-color has-text-color has-link-color has-medium-font-size wp-elements-9af2364ff97504fcaa12fa424844c8d1\"><a href=\"https:\/\/www.instagram.com\/kordonkimya35\/\" rel=\"nofollow noopener\" target=\"_blank\">instagram.com\/kordonkimya35<\/a><\/p>\n<\/div>\n<\/div>\n<\/div>\n<\/div>\n\n\n\n<div class=\"wp-block-column is-vertically-aligned-bottom is-layout-flow wp-block-column-is-layout-flow\" style=\"flex-basis:40%\">\n<div class=\"wp-block-contact-form-7-contact-form-selector\">\n<div class=\"wpcf7 no-js\" id=\"wpcf7-f2560-o1\" lang=\"de-DE\" dir=\"ltr\" data-wpcf7-id=\"2560\">\n<div class=\"screen-reader-response\"><p role=\"status\" aria-live=\"polite\" aria-atomic=\"true\"><\/p> <ul><\/ul><\/div>\n<form action=\"\/de\/wp-json\/wp\/v2\/pages\/2360#wpcf7-f2560-o1\" method=\"post\" class=\"wpcf7-form init\" aria-label=\"Kontaktformular\" novalidate=\"novalidate\" data-status=\"init\">\n<fieldset class=\"hidden-fields-container\"><input type=\"hidden\" name=\"_wpcf7\" value=\"2560\" \/><input type=\"hidden\" name=\"_wpcf7_version\" value=\"6.1.5\" \/><input type=\"hidden\" name=\"_wpcf7_locale\" value=\"de_DE\" \/><input type=\"hidden\" name=\"_wpcf7_unit_tag\" value=\"wpcf7-f2560-o1\" \/><input type=\"hidden\" name=\"_wpcf7_container_post\" value=\"0\" \/><input type=\"hidden\" name=\"_wpcf7_posted_data_hash\" value=\"\" \/>\n<\/fieldset>\n<div class=\"safirForm\">\n\t<div class=\"safirLeft\">\n\t\t<p class=\"safiricon kurumsal\"><span class=\"wpcf7-form-control-wrap\" data-name=\"adsoyad\"><input size=\"40\" maxlength=\"400\" class=\"wpcf7-form-control wpcf7-text wpcf7-validates-as-required\" aria-required=\"true\" aria-invalid=\"false\" placeholder=\"Vorname Nachname\" value=\"\" type=\"text\" name=\"adsoyad\" \/><\/span>\n\t\t<\/p>\n\t\t<p class=\"safiricon email\"><span class=\"wpcf7-form-control-wrap\" data-name=\"email\"><input size=\"40\" maxlength=\"400\" class=\"wpcf7-form-control wpcf7-email wpcf7-validates-as-required wpcf7-text wpcf7-validates-as-email\" aria-required=\"true\" aria-invalid=\"false\" placeholder=\"Ihre E-Mail-Adresse\" value=\"\" type=\"email\" name=\"email\" \/><\/span>\n\t\t<\/p>\n\t\t<p class=\"safiricon telefon\"><span class=\"wpcf7-form-control-wrap\" data-name=\"telefon\"><input size=\"40\" maxlength=\"11\" class=\"wpcf7-form-control wpcf7-tel wpcf7-validates-as-required wpcf7-text wpcf7-validates-as-tel\" aria-required=\"true\" aria-invalid=\"false\" placeholder=\"Ihre Telefonnummer\" value=\"\" type=\"tel\" name=\"telefon\" \/><\/span>\n\t\t<\/p>\n\t\t<p class=\"safiricon liste\"><span class=\"wpcf7-form-control-wrap\" data-name=\"konu\"><input size=\"40\" maxlength=\"400\" class=\"wpcf7-form-control wpcf7-text wpcf7-validates-as-required\" aria-required=\"true\" aria-invalid=\"false\" placeholder=\"Thema\" value=\"\" type=\"text\" name=\"konu\" \/><\/span>\n\t\t<\/p>\n\t<\/div>\n\t<div class=\"safirRight\">\n\t\t<p class=\"safiricon alinti\"><span class=\"wpcf7-form-control-wrap\" data-name=\"mesaj\"><textarea cols=\"40\" rows=\"10\" maxlength=\"2000\" class=\"wpcf7-form-control wpcf7-textarea\" aria-invalid=\"false\" placeholder=\"Schreiben Sie Ihre Nachricht hier\" name=\"mesaj\"><\/textarea><\/span>\n\t\t<\/p>\n\t\t<p><input class=\"wpcf7-form-control wpcf7-submit has-spinner safirButton\" type=\"submit\" value=\"MELDUNG SENDEN\" \/> <div class=\"cf7-cf-turnstile\" style=\"margin-top: 0px; margin-bottom: -15px;\"> <div id=\"cf-turnstile-cf7-515023924\" class=\"cf-turnstile\" data-sitekey=\"0x4AAAAAAB6owhCLf6Uf4kqR\" data-theme=\"light\" data-language=\"auto\" data-size=\"flexible\" data-retry=\"auto\" data-retry-interval=\"1000\" data-refresh-expired=\"auto\" data-action=\"contact-form-7\" data-appearance=\"always\"><\/div> <script>document.addEventListener(\"DOMContentLoaded\", function() { setTimeout(function(){ var e=document.getElementById(\"cf-turnstile-cf7-515023924\"); e&&!e.innerHTML.trim()&&(turnstile.remove(\"#cf-turnstile-cf7-515023924\"), turnstile.render(\"#cf-turnstile-cf7-515023924\", {sitekey:\"0x4AAAAAAB6owhCLf6Uf4kqR\"})); }, 100); });<\/script> <br class=\"cf-turnstile-br cf-turnstile-br-cf7-515023924\"> <style>#cf-turnstile-cf7-515023924 { margin-left: -15px; }<\/style> <script>document.addEventListener(\"DOMContentLoaded\",function(){document.querySelectorAll('.wpcf7-form').forEach(function(e){e.addEventListener('submit',function(){if(document.getElementById('cf-turnstile-cf7-515023924')){setTimeout(function(){turnstile.reset('#cf-turnstile-cf7-515023924');},1000)}})})});<\/script> <\/div>\n\t\t<\/p>\n\t<\/div>\n<\/div><div class=\"wpcf7-response-output\" aria-hidden=\"true\"><\/div>\n<\/form>\n<\/div>\n<\/div>\n<\/div>\n<\/div>\n<\/div>\n\n\n\n<p>&nbsp;<\/p>\n","protected":false},"excerpt":{"rendered":"<p>Kontakt Sind Sie bereit bei uns zu arbeiten? Jetzt ist der richtige Zeitpunkt, um die Effizienz Ihrer Wassermanagementprozesse zu steigern und nachhaltige L\u00f6sungen kennenzulernen. Ganz gleich, ob Sie ein speziell auf die Anforderungen Ihrer Industrieanlage zugeschnittenes Aufbereitungssystem oder eine zuverl\u00e4ssige Wasserversorgung f\u00fcr Ihr Zuhause suchen \u2013 mit unserem ingenieurwissenschaftlichen Ansatz und unserer Erfahrung sind wir [&hellip;]<\/p>\n","protected":false},"author":1,"featured_media":0,"parent":0,"menu_order":0,"comment_status":"closed","ping_status":"closed","template":"no-picheader","meta":{"fiyat":"","metin":"","footnotes":""},"class_list":["post-2360","page","type-page","status-publish","hentry"],"_links":{"self":[{"href":"https:\/\/aqualandtech.com\/de\/wp-json\/wp\/v2\/pages\/2360","targetHints":{"allow":["GET"]}}],"collection":[{"href":"https:\/\/aqualandtech.com\/de\/wp-json\/wp\/v2\/pages"}],"about":[{"href":"https:\/\/aqualandtech.com\/de\/wp-json\/wp\/v2\/types\/page"}],"author":[{"embeddable":true,"href":"https:\/\/aqualandtech.com\/de\/wp-json\/wp\/v2\/users\/1"}],"replies":[{"embeddable":true,"href":"https:\/\/aqualandtech.com\/de\/wp-json\/wp\/v2\/comments?post=2360"}],"version-history":[{"count":3,"href":"https:\/\/aqualandtech.com\/de\/wp-json\/wp\/v2\/pages\/2360\/revisions"}],"predecessor-version":[{"id":2701,"href":"https:\/\/aqualandtech.com\/de\/wp-json\/wp\/v2\/pages\/2360\/revisions\/2701"}],"wp:attachment":[{"href":"https:\/\/aqualandtech.com\/de\/wp-json\/wp\/v2\/media?parent=2360"}],"curies":[{"name":"wp","href":"https:\/\/api.w.org\/{rel}","templated":true}]}}