{"id":2372,"date":"2025-02-03T20:55:10","date_gmt":"2025-02-03T17:55:10","guid":{"rendered":"https:\/\/aqualandtech.com\/hakkimizda\/"},"modified":"2026-03-05T00:38:49","modified_gmt":"2026-03-04T21:38:49","slug":"uber-uns","status":"publish","type":"page","link":"https:\/\/aqualandtech.com\/de\/uber-uns\/","title":{"rendered":"\u00dcber uns"},"content":{"rendered":"\n<figure class=\"wp-block-image aligncenter size-full\"><img width=\"2560\" height=\"1707\" data-safirlazy=\"true\" src=https:\/\/aqualandtech.com\/wp-content\/themes\/neo\/assets\/images\/noimage.svg data-src=\"https:\/\/aqualandtech.com\/wp-content\/uploads\/2026\/01\/ro-1-scaled.webp\" alt=\"\" class=\"wp-image-1587\" style=\"aspect-ratio:2\/1;object-fit:cover\" srcset=\"https:\/\/aqualandtech.com\/wp-content\/uploads\/2026\/01\/ro-1-scaled.webp 2560w, https:\/\/aqualandtech.com\/wp-content\/uploads\/2026\/01\/ro-1-300x200.webp 300w, https:\/\/aqualandtech.com\/wp-content\/uploads\/2026\/01\/ro-1-1024x683.webp 1024w, https:\/\/aqualandtech.com\/wp-content\/uploads\/2026\/01\/ro-1-768x512.webp 768w, https:\/\/aqualandtech.com\/wp-content\/uploads\/2026\/01\/ro-1-1536x1024.webp 1536w, https:\/\/aqualandtech.com\/wp-content\/uploads\/2026\/01\/ro-1-2048x1365.webp 2048w\" sizes=\"(max-width: 2560px) 100vw, 2560px\" \/><\/figure>\n\n\n<div style=\"color:var(--wp--preset--color--main);\" class=\"wp-block-safirtema-mainheading singleHeading mainHeading wp-block-safirtema-mainheading has-text-color\">\n\t<div class=\"singleHeading\">\n\t\t<div class=\"inner\">\n\t\t\t<span class=\"safiricon icon\"><svg class=\"safiricon-begen\"><use href=\"#safiricon-begen\"><\/use><\/svg><\/span>\t\t\t<h1 class=\"text\">Wer Sind Wir?<\/h1>\n\t\t<\/div>\n\t<\/div>\n<\/div>\n\n\n<p>Mit unserer \u00fcber 30-j\u00e4hrigen Erfahrung in der Branche und unserem Markenwert im Bereich \u201eWassertechnologien\u201c sind wir bestrebt, grundlegende Dienstleistungen anzubieten, die die Lebensqualit\u00e4t erhalten, verbessern und nachhaltig gestalten. Unser Unternehmen, dessen Grundprinzip die Kundenbindung und -zufriedenheit ist, spricht mit seinen flexiblen, innovativen und technologischen Ans\u00e4tzen ein breites Publikum an, das von Industrieanlagen bis hin zu privaten Nutzern reicht.<\/p>\n\n\n\n<p>Mit unseren energieeffizienten, betriebsoptimierten und umweltfreundlichen Projekten bieten wir Ihnen die perfekte L\u00f6sung f\u00fcr Ihre Anforderungen im Bereich Wasser- und Abwasseraufbereitung. Mit unserem Team aus erfahrenen Ingenieuren und unserem kompetenten Montage- und Kundendienstteam bieten wir Ihnen einen Komplettservice von der Projektplanung bis zur schl\u00fcsselfertigen Installation, von Kartuschenfiltern bis hin zu fortschrittlichen Membrantechnologien.<\/p>\n\n\n\n<div class=\"wp-block-columns is-layout-flex wp-container-core-columns-is-layout-28f84493 wp-block-columns-is-layout-flex\">\n<div class=\"wp-block-column is-layout-flow wp-block-column-is-layout-flow\"><div style=\"color:var(--wp--preset--color--main);\" class=\"wp-block-safirtema-mainheading singleHeading mainHeading wp-block-safirtema-mainheading has-text-color\">\n\t<div class=\"singleHeading\">\n\t\t<div class=\"inner\">\n\t\t\t<span class=\"safiricon icon\"><svg class=\"safiricon-lamba\"><use href=\"#safiricon-lamba\"><\/use><\/svg><\/span>\t\t\t<h3 class=\"text\">Unsere Mission<\/h3>\n\t\t<\/div>\n\t<\/div>\n<\/div>\n\n\n<p>Durch die effiziente Nutzung nat\u00fcrlicher Wasserressourcen wollen wir umweltfreundliche und fortschrittliche Wasseraufbereitungsl\u00f6sungen entwickeln, die unseren Kunden einen wirtschaftlichen und nachhaltigen Zugang zu sauberem Wasser erm\u00f6glichen.<\/p>\n<\/div>\n\n\n\n<div class=\"wp-block-column is-layout-flow wp-block-column-is-layout-flow\"><div style=\"color:var(--wp--preset--color--main);\" class=\"wp-block-safirtema-mainheading singleHeading mainHeading wp-block-safirtema-mainheading has-text-color\">\n\t<div class=\"singleHeading\">\n\t\t<div class=\"inner\">\n\t\t\t<span class=\"safiricon icon\"><svg class=\"safiricon-dunya\"><use href=\"#safiricon-dunya\"><\/use><\/svg><\/span>\t\t\t<h3 class=\"text\">Unsere Vision<\/h3>\n\t\t<\/div>\n\t<\/div>\n<\/div>\n\n\n<p>Im Bereich der Wassertechnologien globale Standards zu verfolgen, mit einem auf Forschung, Entwicklung und Innovation ausgerichteten Ansatz die Branche zu pr\u00e4gen und die erste Marke zu sein, die einem in Sachen Zuverl\u00e4ssigkeit in den Sinn kommt.<\/p>\n<\/div>\n<\/div>\n\n\n\n<div class=\"wp-block-group is-layout-grid wp-container-core-group-is-layout-6e43047b wp-block-group-is-layout-grid\">\n<div class=\"wp-block-group has-light-gray-1-background-color has-background is-layout-flow wp-container-core-group-is-layout-994c5fce wp-block-group-is-layout-flow\" style=\"border-radius:5px;padding-top:var(--wp--preset--spacing--60);padding-right:var(--wp--preset--spacing--30);padding-bottom:var(--wp--preset--spacing--60);padding-left:var(--wp--preset--spacing--30)\"><div class=\"safirIconContainer center wp-elements-7ef50c3b2da0e35fe65d5442ca0f690f\">\n\t<div  style=\"--size:44px;--hover-text-color:; --hover-bg-color:;\" class=\"is-style-circle wp-elements-7ef50c3b2da0e35fe65d5442ca0f690f wp-block-safirtema-safiricon has-text-color has-main-color\">\n\t\t<svg width=\"44px\" height=\"44px\" class=\"safiricon-takim\">\n\t\t\t<use href=\"#safiricon-takim\" \/>\n\t\t<\/svg>\n\t<\/div>\n<\/div>\n\n<div class=\"has-text-align-center wp-block-safirtema-countingnumber\">\n\t<span>30<\/span>+<\/div>\n\n\n<h2 class=\"wp-block-heading has-text-align-center has-large-font-size\">J\u00e4hrliche Erfahrung<\/h2>\n<\/div>\n\n\n\n<div class=\"wp-block-group has-light-gray-1-background-color has-background is-layout-flow wp-container-core-group-is-layout-994c5fce wp-block-group-is-layout-flow\" style=\"border-radius:5px;padding-top:var(--wp--preset--spacing--60);padding-right:var(--wp--preset--spacing--30);padding-bottom:var(--wp--preset--spacing--60);padding-left:var(--wp--preset--spacing--30)\"><div class=\"safirIconContainer center wp-elements-b9846919c3eb21071643f585b7bbc736\">\n\t<div  style=\"--size:44px;--hover-text-color:; --hover-bg-color:;\" class=\"is-style-circle wp-elements-b9846919c3eb21071643f585b7bbc736 wp-block-safirtema-safiricon has-text-color has-main-color\">\n\t\t<svg width=\"44px\" height=\"44px\" class=\"safiricon-kutu\">\n\t\t\t<use href=\"#safiricon-kutu\" \/>\n\t\t<\/svg>\n\t<\/div>\n<\/div>\n\n<div class=\"has-text-align-center wp-block-safirtema-countingnumber\">\n\t<span>2000<\/span>+<\/div>\n\n\n<h2 class=\"wp-block-heading has-text-align-center has-large-font-size\">Abgeschlossenes Projekt<\/h2>\n<\/div>\n\n\n\n<div class=\"wp-block-group has-light-gray-1-background-color has-background is-layout-flow wp-container-core-group-is-layout-994c5fce wp-block-group-is-layout-flow\" style=\"border-radius:5px;padding-top:var(--wp--preset--spacing--60);padding-right:var(--wp--preset--spacing--30);padding-bottom:var(--wp--preset--spacing--60);padding-left:var(--wp--preset--spacing--30)\"><div class=\"safirIconContainer center wp-elements-2fe3864d8114393678d21ea36daa57ba\">\n\t<div  style=\"--size:44px;--hover-text-color:; --hover-bg-color:;\" class=\"is-style-circle wp-elements-2fe3864d8114393678d21ea36daa57ba wp-block-safirtema-safiricon has-text-color has-main-color\">\n\t\t<svg width=\"44px\" height=\"44px\" class=\"safiricon-begen\">\n\t\t\t<use href=\"#safiricon-begen\" \/>\n\t\t<\/svg>\n\t<\/div>\n<\/div>\n\n<div class=\"has-text-align-center wp-block-safirtema-countingnumber\">\n\t<span>850000<\/span>+<\/div>\n\n\n<h2 class=\"wp-block-heading has-text-align-center has-large-font-size\">M\u00b3 Aufbereitetes Wasser<\/h2>\n<\/div>\n<\/div>\n\n\n\n<p>&nbsp;<\/p>\n","protected":false},"excerpt":{"rendered":"<p>Mit unserer \u00fcber 30-j\u00e4hrigen Erfahrung in der Branche und unserem Markenwert im Bereich \u201eWassertechnologien\u201c sind wir bestrebt, grundlegende Dienstleistungen anzubieten, die die Lebensqualit\u00e4t erhalten, verbessern und nachhaltig gestalten. Unser Unternehmen, dessen Grundprinzip die Kundenbindung und -zufriedenheit ist, spricht mit seinen flexiblen, innovativen und technologischen Ans\u00e4tzen ein breites Publikum an, das von Industrieanlagen bis hin zu [&hellip;]<\/p>\n","protected":false},"author":1,"featured_media":0,"parent":0,"menu_order":0,"comment_status":"closed","ping_status":"closed","template":"","meta":{"fiyat":"","metin":"","footnotes":""},"class_list":["post-2372","page","type-page","status-publish","hentry"],"_links":{"self":[{"href":"https:\/\/aqualandtech.com\/de\/wp-json\/wp\/v2\/pages\/2372","targetHints":{"allow":["GET"]}}],"collection":[{"href":"https:\/\/aqualandtech.com\/de\/wp-json\/wp\/v2\/pages"}],"about":[{"href":"https:\/\/aqualandtech.com\/de\/wp-json\/wp\/v2\/types\/page"}],"author":[{"embeddable":true,"href":"https:\/\/aqualandtech.com\/de\/wp-json\/wp\/v2\/users\/1"}],"replies":[{"embeddable":true,"href":"https:\/\/aqualandtech.com\/de\/wp-json\/wp\/v2\/comments?post=2372"}],"version-history":[{"count":3,"href":"https:\/\/aqualandtech.com\/de\/wp-json\/wp\/v2\/pages\/2372\/revisions"}],"predecessor-version":[{"id":2397,"href":"https:\/\/aqualandtech.com\/de\/wp-json\/wp\/v2\/pages\/2372\/revisions\/2397"}],"wp:attachment":[{"href":"https:\/\/aqualandtech.com\/de\/wp-json\/wp\/v2\/media?parent=2372"}],"curies":[{"name":"wp","href":"https:\/\/api.w.org\/{rel}","templated":true}]}}